{"id":1689,"date":"2025-12-26T12:34:25","date_gmt":"2025-12-26T11:34:25","guid":{"rendered":"https:\/\/www.camping-pasteur-bassin-arcachon.fr\/mentions-legales\/"},"modified":"2026-04-24T14:07:55","modified_gmt":"2026-04-24T12:07:55","slug":"rechtliche-hinweise","status":"publish","type":"page","link":"https:\/\/www.camping-pasteur-bassin-arcachon.fr\/de\/rechtliche-hinweise\/","title":{"rendered":"Rechtliche Hinweise"},"content":{"rendered":"\n<section class=\"wp-block-group section-1 has-global-padding is-layout-constrained wp-container-core-group-is-layout-ebc28b78 wp-block-group-is-layout-constrained\" style=\"margin-top:0px;margin-bottom:0px;padding-top:8rem;padding-right:10rem;padding-bottom:8rem;padding-left:10rem\">\n<div class=\"wp-block-group title has-global-padding is-layout-constrained wp-container-core-group-is-layout-45742f23 wp-block-group-is-layout-constrained\" style=\"margin-top:2px;margin-bottom:2px\">\n<h1 class=\"wp-block-heading has-text-align-center has-custom-color-3-color has-text-color has-link-color wp-elements-70ff69f6fb5aefb5633db18d466867bb\">Rechtliche Hinweise<\/h1>\n\n\n\n<figure class=\"wp-block-image size-full\"><img decoding=\"async\" width=\"229\" height=\"68\" src=\"https:\/\/www.camping-pasteur-bassin-arcachon.fr\/wp-content\/uploads\/2025\/12\/dessin-vague-vert-clair.webp\" alt=\"hellgr&#xFC;nes Wellenmuster\" class=\"wp-image-192\"\/><\/figure>\n<\/div>\n\n\n\n<div class=\"wp-block-columns content is-layout-flex wp-container-core-columns-is-layout-90215677 wp-block-columns-is-layout-flex\" style=\"margin-top:6rem;margin-bottom:0px\">\n<div class=\"wp-block-column is-layout-flow wp-block-column-is-layout-flow\" style=\"flex-basis:66.66%\">\n<h2 class=\"wp-block-heading has-custom-color-2-color has-text-color has-link-color has-xx-large-font-size wp-elements-08881c7b8aa0fdca245df085b23d8e5a\">Verantwortlich f\u00fcr die Website<\/h2>\n\n\n\n<p><strong>Camping Pasteur<br\/><\/strong>Adresse: 1 rue du Pilote 33740 Ar\u00e8s &#8211; Bassin d&#8217;Arcachon<br\/>Telefon: +335 56 60 33<br\/>Email: contact@pasteur-vacances.fr<br\/>SIRET: 377 798 897 00015<br\/>Rechtsform: SAS PASTEUR<br\/>N\u00b0 TVA Intracommunautaire: FR9 377798897<br\/>Verantwortlich f\u00fcr die Ver\u00f6ffentlichung: M. Jean-Marie DUCAMIN<\/p>\n\n\n\n<h2 class=\"wp-block-heading has-custom-color-1-color has-text-color has-link-color has-retcaro-font-family wp-elements-676e8683f41124b987b437dfa44004a2\" style=\"font-size:clamp(1.743rem, 1.743rem + ((1vw - 0.2rem) * 2.095), 3rem);line-height:1\">Realisierung<\/h2>\n\n\n\n<p><strong>GEEK TONIC<\/strong> Vertreten durch Herrn Yohan Darmayan in seiner Eigenschaft als Gesch\u00e4ftsf\u00fchrer <br\/>Gesch\u00e4ftssitz: 16 chemin de Sabalce 64100 Bayonne<br\/>Tel.: <a href=\"https:\/\/www.google.com\/search?q=geek+tonic&amp;sxsrf=ALiCzsb97zG2dngu-WqfTOdPG_O6pmDSPQ%3A1665557722642&amp;ei=2mRGY-_0JorhlwS4vpuoCA&amp;ved=0ahUKEwjvyaSDjtr6AhWK8IUKHTjfBoUQ4dUDCA4&amp;uact=5&amp;oq=geek+tonic&amp;gs_lcp=Cgdnd3Mtd2l6EAMyBAgjECcyCgguEMcBEK8BECcyBggAEBYQHjIGCAAQFhAeMgIIJjoKCAAQRxDWBBCwAzoNCAAQ5AIQ1gQQsAMYAToICAAQFhAeEA86CAgAEBYQHhAKOgUIABCABDoLCC4QgAQQxwEQ0QM6CggAEIAEEIcCEBQ6CggAEIAEEAoQywFKBAhNGAFKBAhBGABKBAhGGAFQ4wtYgh1gkyBoAnABeACAAawBiAHRBJIBAzUuMZgBAKABAcgBDcABAdoBBggBEAEYCQ&amp;sclient=gws-wiz#\">+335 32 74 11 52<\/a> <br\/>E-mail: support@geek-tonic.com <br\/>Website: <a href=\"https:\/\/www.geek-tonic.com\/\">www.geek-tonic.com<\/a> <br\/>SIRET: 89746755100015<br\/>APE: 6201Z<\/p>\n\n\n\n<h2 class=\"wp-block-heading has-custom-color-1-color has-text-color has-link-color has-retcaro-font-family wp-elements-6cbcd8bca6b92d0036170b66887995fc\" style=\"font-size:clamp(1.743rem, 1.743rem + ((1vw - 0.2rem) * 2.095), 3rem);line-height:1\">Urheberrecht und Copyright<\/h2>\n\n\n\n<p>Der gesamte Inhalt dieser Website unterliegt dem Urheberrecht sowie dem geistigen Eigentum der franz\u00f6sischen Gesetzgebung. Jede Vervielf\u00e4ltigung (einschlie\u00dflich Fotos, Icons und herunterladbarer Dokumente) ist ohne vorherige Zustimmung von GEEK TONIC untersagt. Die Vervielf\u00e4ltigung der gesamten oder eines Teils der Website in Papier- oder elektronischem Format auf einem elektronischen Datentr\u00e4ger ist verboten. GEEK TONIC \u00fcbernimmt keine Verantwortung f\u00fcr die Inhalte auf der Website. GEEK TONIC \u00fcbernimmt auch keine Verantwortung f\u00fcr externe Links, die auf diese Website verweisen.   <\/p>\n\n\n\n<h2 class=\"wp-block-heading has-custom-color-1-color has-text-color has-link-color has-retcaro-font-family wp-elements-fab40dac79b9ef858ae615aa16e5d894\" style=\"font-size:clamp(1.743rem, 1.743rem + ((1vw - 0.2rem) * 2.095), 3rem);line-height:1\">Pers\u00f6nliche Daten und namentliche Informationen<\/h2>\n\n\n\n<p>Sie haben ein Recht auf Zugang, \u00c4nderung, Berichtigung und L\u00f6schung der Sie betreffenden Daten gem\u00e4\u00df Artikel 34 des Gesetzes &#8222;Informatique et Libert\u00e9s&#8220; Nr. 78-17 vom 6. Januar 1978, ge\u00e4ndert am 6. August 2018. Um dieses Zugangsrecht auszu\u00fcben, k\u00f6nnen Sie eine einfache schriftliche Anfrage an den Herausgeber der Website richten. <\/p>\n\n\n\n<h2 class=\"wp-block-heading has-custom-color-1-color has-text-color has-link-color has-retcaro-font-family wp-elements-14a852349acff7bc55b08d1582e0b024\" style=\"font-size:clamp(1.743rem, 1.743rem + ((1vw - 0.2rem) * 2.095), 3rem);line-height:1\">Gesetzgebung<\/h2>\n\n\n\n<p>Gem\u00e4\u00df dem Gesetz vom 11. M\u00e4rz 1957 (Art. 41) und dem Gesetzbuch \u00fcber geistiges Eigentum vom 1. Juli 1992 ist es verboten, einen Teil der Website ohne vorherige Genehmigung des Herausgebers der Website teilweise oder vollst\u00e4ndig zu reproduzieren. Die Logos, Bilder, Fotos, Videos, Grafiken und Texte sind Eigentum ihrer jeweiligen Besitzer. Diese Website kann ohne sein Wissen mit anderen Websites \u00fcber Hypermedia-Links verbunden sein. Der Herausgeber der Website lehnt jede Verantwortung f\u00fcr die Informationen auf diesen anderen Websites ab. Der Internetnutzer erkennt an, dass die Nutzung dieser Website dem franz\u00f6sischen Recht unterliegt.    <\/p>\n\n\n\n<h2 class=\"wp-block-heading has-custom-color-1-color has-text-color has-link-color has-retcaro-font-family wp-elements-8af7a8b3a72eb5526b55ccadc3177f41\" style=\"font-size:clamp(1.743rem, 1.743rem + ((1vw - 0.2rem) * 2.095), 3rem);line-height:1\">Schlichtung von Verbraucherrechtsstreitigkeiten<\/h2>\n\n\n\n<p>Gem\u00e4\u00df den Bestimmungen des Verbraucherschutzgesetzes \u00fcber das &#8222;Verfahren zur Schlichtung von Verbraucherrechtsstreitigkeiten&#8220; hat der Kunde das Recht, kostenlos den von <strong>Camping Pasteur<\/strong> angebotenen Schlichtungsdienst in Anspruch zu nehmen. Der Mediator f\u00fcr Verbraucherrecht ist CM2C. Diese Schlichtungsstelle kann erreicht werden \u00fcber: &#8211; elektronisch: www.cm2c.net; &#8211; oder auf dem Postweg: CM2C &#8211; Centre de m\u00e9diation et r\u00e8glement amiable des huissiers de justice &#8211; 14, Rue Saint-Jean, 75017 Paris.  <\/p>\n\n\n\n<h2 class=\"wp-block-heading has-custom-color-1-color has-text-color has-link-color has-retcaro-font-family wp-elements-63c8bbb77f27198956c8b6c4ab6e01ff\" style=\"font-size:clamp(1.743rem, 1.743rem + ((1vw - 0.2rem) * 2.095), 3rem);line-height:1\">Verantwortung f\u00fcr legale Inhalte<\/h2>\n\n\n\n<p>Als Eigent\u00fcmer Ihrer Website sind Sie daf\u00fcr verantwortlich, dass die Seiten Impressum und Datenschutzerkl\u00e4rung den geltenden Gesetzen entsprechen, insbesondere der GDPR (General Data Protection Regulation) f\u00fcr Websites, die personenbezogene Daten sammeln. Diese Seiten sollten regelm\u00e4\u00dfig aktualisiert werden und die rechtlichen und praktischen Informationen Ihres Unternehmens sowie die Verarbeitung personenbezogener Daten, die Sie vornehmen, transparent wiedergeben. <\/p>\n\n\n\n<p>Unsere Agentur kann Sie bei der technischen Einrichtung dieser Seiten unterst\u00fctzen, aber Sie bleiben f\u00fcr den rechtlichen Inhalt dieser Seiten verantwortlich. Wir empfehlen Ihnen dringend, einen Rechtsexperten zu konsultieren, um sicherzustellen, dass Ihr Impressum und Ihre Datenschutzrichtlinie mit den f\u00fcr Ihr Unternehmen geltenden Gesetzen \u00fcbereinstimmen. Kontaktieren Sie uns, wenn Sie dies ben\u00f6tigen, und wir k\u00f6nnen Sie an einen Partneranwalt verweisen.  <\/p>\n<\/div>\n\n\n\n<div class=\"wp-block-column is-layout-flow wp-block-column-is-layout-flow\" style=\"flex-basis:33.33%\">\n<figure class=\"wp-block-image size-full\"><img decoding=\"async\" width=\"320\" height=\"227\" src=\"https:\/\/www.camping-pasteur-bassin-arcachon.fr\/wp-content\/uploads\/2025\/12\/dessin-corde-et-etoile-de-mer-vert.webp\" alt=\"Zeichnung Seil und Seestern gr&#xFC;n\" class=\"wp-image-182\" srcset=\"https:\/\/www.camping-pasteur-bassin-arcachon.fr\/wp-content\/uploads\/2025\/12\/dessin-corde-et-etoile-de-mer-vert.webp 320w, https:\/\/www.camping-pasteur-bassin-arcachon.fr\/wp-content\/uploads\/2025\/12\/dessin-corde-et-etoile-de-mer-vert-300x213.webp 300w\" sizes=\"(max-width: 320px) 100vw, 320px\" \/><\/figure>\n<\/div>\n<\/div>\n<\/section>\n\n<section class=\"wp-block-group section-maillage has-global-padding is-layout-constrained wp-container-core-group-is-layout-f84930c6 wp-block-group-is-layout-constrained\" style=\"margin-top:0px;margin-bottom:0px;padding-top:8rem;padding-right:10rem;padding-bottom:8rem;padding-left:10rem\">\n<p class=\"has-text-align-center has-gc-palioka-font-family\" style=\"font-size:clamp(1.888rem, 1.888rem + ((1vw - 0.2rem) * 2.37), 3.31rem);text-transform:uppercase\">entdecken Sie mehr<img decoding=\"async\" width=\"150\" height=\"45\" class=\"wp-image-192\" style=\"width: 150px;\" src=\"https:\/\/www.camping-pasteur-bassin-arcachon.fr\/wp-content\/uploads\/2025\/12\/dessin-vague-vert-clair.webp\" alt=\"hellgr&#xFC;nes Wellenmuster\"\/><\/p>\n\n\n\n<figure class=\"wp-block-image size-full\"><img decoding=\"async\" width=\"277\" height=\"299\" src=\"https:\/\/www.camping-pasteur-bassin-arcachon.fr\/wp-content\/uploads\/2025\/12\/salt-sand-sea.webp\" alt=\"salt sand sea\" class=\"wp-image-438\"\/><\/figure>\n\n\n\n<div data-swiper=\"{&quot;speed&quot;:400,&quot;spaceBetween&quot;:16,&quot;slidesPerView&quot;:3,&quot;createElements&quot;:true,&quot;loop&quot;:true,&quot;freemode&quot;:true,&quot;navigation&quot;:{&quot;nextEl&quot;:&quot;buttonNext&quot;,&quot;prevEl&quot;:&quot;buttonPrev&quot;},&quot;pagination&quot;:{&quot;el&quot;:&quot;.swiper-pagination&quot;,&quot;dynamicBullets&quot;:true},&quot;breakpoints&quot;:{&quot;0&quot;:{&quot;slidesPerView&quot;:1},&quot;768&quot;:{&quot;slidesPerView&quot;:2},&quot;1024&quot;:{&quot;slidesPerView&quot;:3}},&quot;autoplay&quot;:{&quot;delay&quot;:5000}}\" data-wp-context=\"{}\" data-wp-interactive=\"core\/query\" data-wp-key=\"0\" data-wp-router-region=\"query-0\" class=\"wp-block-query alignwide gt-fse-maillage-query gt-is-slider gt-is-slider-desktop is-layout-flow wp-block-query-is-layout-flow\"><ul class=\"columns-3 wp-block-post-template is-layout-grid wp-container-core-post-template-is-layout-6d3fbd8f wp-block-post-template-is-layout-grid\"><li data-wp-key=\"post-template-item-1752\" class=\"wp-block-post post-1752 page type-page status-publish has-post-thumbnail hentry\">\n<a href=\"https:\/\/www.camping-pasteur-bassin-arcachon.fr\/de\/vermietung-mobilheimen-ares\/\"    class=\"wp-block-tiptip-hyperlink-group-block\" >\n<div data-swiper=\"{&quot;speed&quot;:1000,&quot;autoplay&quot;:{&quot;delay&quot;:5000,&quot;disableOnInteraction&quot;:false},&quot;spaceBetween&quot;:0,&quot;slidesPerView&quot;:1,&quot;pagination&quot;:{&quot;el&quot;:&quot;.swiper-pagination&quot;,&quot;dynamicBullets&quot;:true,&quot;clickable&quot;:true,&quot;type&quot;:&quot;bullets&quot;},&quot;navigation&quot;:{&quot;nextEl&quot;:&quot;.swiper-button-next&quot;,&quot;prevEl&quot;:&quot;.swiper-button-prev&quot;},&quot;breakpoints&quot;:[{&quot;slidesPerView&quot;:1}]}\" class=\"wp-block-cover is-light\" style=\"padding-top:0px;padding-right:0px;padding-bottom:0px;padding-left:0px\"><span aria-hidden=\"true\" class=\"wp-block-cover__background has-background-dim-30 has-background-dim has-background-gradient\" style=\"background:linear-gradient(33deg,rgb(25,62,65) 31%,rgba(255,255,255,0) 100%)\"><\/span><img decoding=\"async\" width=\"2000\" height=\"1333\" src=\"https:\/\/www.camping-pasteur-bassin-arcachon.fr\/wp-content\/uploads\/2026\/02\/camping-pasteur-hebergement-mobil-home-2-3-chambres.jpg\" class=\"wp-block-cover__image-background wp-post-image\" alt=\"camping pasteur unterkunft mobilheim 2 3 zimmer\" data-object-fit=\"cover\" srcset=\"https:\/\/www.camping-pasteur-bassin-arcachon.fr\/wp-content\/uploads\/2026\/02\/camping-pasteur-hebergement-mobil-home-2-3-chambres.jpg 2000w, https:\/\/www.camping-pasteur-bassin-arcachon.fr\/wp-content\/uploads\/2026\/02\/camping-pasteur-hebergement-mobil-home-2-3-chambres-300x200.jpg 300w, https:\/\/www.camping-pasteur-bassin-arcachon.fr\/wp-content\/uploads\/2026\/02\/camping-pasteur-hebergement-mobil-home-2-3-chambres-1024x682.jpg 1024w, https:\/\/www.camping-pasteur-bassin-arcachon.fr\/wp-content\/uploads\/2026\/02\/camping-pasteur-hebergement-mobil-home-2-3-chambres-768x512.jpg 768w, https:\/\/www.camping-pasteur-bassin-arcachon.fr\/wp-content\/uploads\/2026\/02\/camping-pasteur-hebergement-mobil-home-2-3-chambres-1536x1024.jpg 1536w\" sizes=\"(max-width: 2000px) 100vw, 2000px\" \/><div class=\"wp-block-cover__inner-container has-global-padding is-layout-constrained wp-container-core-cover-is-layout-f5c98baf wp-block-cover-is-layout-constrained\">\n<figure class=\"wp-block-image size-large\"><img decoding=\"async\" width=\"145\" height=\"144\" src=\"https:\/\/www.camping-pasteur-bassin-arcachon.fr\/wp-content\/uploads\/2026\/01\/dessin-losange.svg\" alt=\"Rautenmuster\" class=\"wp-image-720\"\/><\/figure>\n\n\n\n<p class=\"has-text-align-center has-custom-color-5-color has-text-color has-link-color has-gc-palioka-font-family wp-elements-5918646d7858457fd9ad95c568553f36\" style=\"margin-top:0px;margin-bottom:0px;font-size:clamp(1.861rem, 1.861rem + ((1vw - 0.2rem) * 2.315), 3.25rem);text-transform:uppercase\">H\u00fctten<\/p>\n<\/div><\/div>\n<\/a>\n<\/li><li data-wp-key=\"post-template-item-1775\" class=\"wp-block-post post-1775 page type-page status-publish hentry\">\n<a href=\"https:\/\/www.camping-pasteur-bassin-arcachon.fr\/de\/stellplatze-ares\/\"    class=\"wp-block-tiptip-hyperlink-group-block\" >\n<div data-swiper=\"{&quot;speed&quot;:1000,&quot;autoplay&quot;:{&quot;delay&quot;:5000,&quot;disableOnInteraction&quot;:false},&quot;spaceBetween&quot;:0,&quot;slidesPerView&quot;:1,&quot;pagination&quot;:{&quot;el&quot;:&quot;.swiper-pagination&quot;,&quot;dynamicBullets&quot;:true,&quot;clickable&quot;:true,&quot;type&quot;:&quot;bullets&quot;},&quot;navigation&quot;:{&quot;nextEl&quot;:&quot;.swiper-button-next&quot;,&quot;prevEl&quot;:&quot;.swiper-button-prev&quot;},&quot;breakpoints&quot;:[{&quot;slidesPerView&quot;:1}]}\" class=\"wp-block-cover is-light\" style=\"padding-top:0px;padding-right:0px;padding-bottom:0px;padding-left:0px\"><span aria-hidden=\"true\" class=\"wp-block-cover__background has-background-dim-30 has-background-dim has-background-gradient\" style=\"background:linear-gradient(33deg,rgb(25,62,65) 31%,rgba(255,255,255,0) 100%)\"><\/span><div class=\"wp-block-cover__inner-container has-global-padding is-layout-constrained wp-container-core-cover-is-layout-f5c98baf wp-block-cover-is-layout-constrained\">\n<figure class=\"wp-block-image size-large\"><img decoding=\"async\" width=\"145\" height=\"144\" src=\"https:\/\/www.camping-pasteur-bassin-arcachon.fr\/wp-content\/uploads\/2026\/01\/dessin-losange.svg\" alt=\"Rautenmuster\" class=\"wp-image-720\"\/><\/figure>\n\n\n\n<p class=\"has-text-align-center has-custom-color-5-color has-text-color has-link-color has-gc-palioka-font-family wp-elements-5918646d7858457fd9ad95c568553f36\" style=\"margin-top:0px;margin-bottom:0px;font-size:clamp(1.861rem, 1.861rem + ((1vw - 0.2rem) * 2.315), 3.25rem);text-transform:uppercase\">Pl\u00e4tze<\/p>\n<\/div><\/div>\n<\/a>\n<\/li><li data-wp-key=\"post-template-item-1677\" class=\"wp-block-post post-1677 page type-page status-publish has-post-thumbnail hentry\">\n<a href=\"https:\/\/www.camping-pasteur-bassin-arcachon.fr\/de\/kontakt-zugang-ares\/\"    class=\"wp-block-tiptip-hyperlink-group-block\" >\n<div data-swiper=\"{&quot;speed&quot;:1000,&quot;autoplay&quot;:{&quot;delay&quot;:5000,&quot;disableOnInteraction&quot;:false},&quot;spaceBetween&quot;:0,&quot;slidesPerView&quot;:1,&quot;pagination&quot;:{&quot;el&quot;:&quot;.swiper-pagination&quot;,&quot;dynamicBullets&quot;:true,&quot;clickable&quot;:true,&quot;type&quot;:&quot;bullets&quot;},&quot;navigation&quot;:{&quot;nextEl&quot;:&quot;.swiper-button-next&quot;,&quot;prevEl&quot;:&quot;.swiper-button-prev&quot;},&quot;breakpoints&quot;:[{&quot;slidesPerView&quot;:1}]}\" class=\"wp-block-cover is-light\" style=\"padding-top:0px;padding-right:0px;padding-bottom:0px;padding-left:0px\"><span aria-hidden=\"true\" class=\"wp-block-cover__background has-background-dim-30 has-background-dim has-background-gradient\" style=\"background:linear-gradient(33deg,rgb(25,62,65) 31%,rgba(255,255,255,0) 100%)\"><\/span><img decoding=\"async\" width=\"2000\" height=\"1334\" src=\"https:\/\/www.camping-pasteur-bassin-arcachon.fr\/wp-content\/uploads\/2026\/02\/Camping-pasteur-accueil-reception-histoire.jpg\" class=\"wp-block-cover__image-background wp-post-image\" alt=\"Camping pasteur willkommen rezeption geschichte\" data-object-fit=\"cover\" srcset=\"https:\/\/www.camping-pasteur-bassin-arcachon.fr\/wp-content\/uploads\/2026\/02\/Camping-pasteur-accueil-reception-histoire.jpg 2000w, https:\/\/www.camping-pasteur-bassin-arcachon.fr\/wp-content\/uploads\/2026\/02\/Camping-pasteur-accueil-reception-histoire-300x200.jpg 300w, https:\/\/www.camping-pasteur-bassin-arcachon.fr\/wp-content\/uploads\/2026\/02\/Camping-pasteur-accueil-reception-histoire-1024x683.jpg 1024w, https:\/\/www.camping-pasteur-bassin-arcachon.fr\/wp-content\/uploads\/2026\/02\/Camping-pasteur-accueil-reception-histoire-768x512.jpg 768w, https:\/\/www.camping-pasteur-bassin-arcachon.fr\/wp-content\/uploads\/2026\/02\/Camping-pasteur-accueil-reception-histoire-1536x1025.jpg 1536w\" sizes=\"(max-width: 2000px) 100vw, 2000px\" \/><div class=\"wp-block-cover__inner-container has-global-padding is-layout-constrained wp-container-core-cover-is-layout-f5c98baf wp-block-cover-is-layout-constrained\">\n<figure class=\"wp-block-image size-large\"><img decoding=\"async\" width=\"145\" height=\"144\" src=\"https:\/\/www.camping-pasteur-bassin-arcachon.fr\/wp-content\/uploads\/2026\/01\/dessin-losange.svg\" alt=\"Rautenmuster\" class=\"wp-image-720\"\/><\/figure>\n\n\n\n<p class=\"has-text-align-center has-custom-color-5-color has-text-color has-link-color has-gc-palioka-font-family wp-elements-5918646d7858457fd9ad95c568553f36\" style=\"margin-top:0px;margin-bottom:0px;font-size:clamp(1.861rem, 1.861rem + ((1vw - 0.2rem) * 2.315), 3.25rem);text-transform:uppercase\">Kontakt &amp; Anfahrt<\/p>\n<\/div><\/div>\n<\/a>\n<\/li><\/ul><\/div>\n<\/section>\n","protected":false},"excerpt":{"rendered":"<p>Rechtliche Hinweise Verantwortlich f\u00fcr die Website Camping PasteurAdresse: 1 rue du Pilote 33740 Ar\u00e8s &#8211; Bassin d&#8217;ArcachonTelefon: +335 56 60 33Email: contact@pasteur-vacances.frSIRET: 377 798 897 00015Rechtsform: SAS PASTEURN\u00b0 TVA Intracommunautaire: FR9 377798897Verantwortlich f\u00fcr die Ver\u00f6ffentlichung: M. Jean-Marie DUCAMIN Realisierung GEEK TONIC Vertreten durch Herrn Yohan Darmayan in seiner Eigenschaft als Gesch\u00e4ftsf\u00fchrer Gesch\u00e4ftssitz: 16 chemin de [&hellip;]<\/p>\n","protected":false},"author":1,"featured_media":1690,"parent":0,"menu_order":0,"comment_status":"closed","ping_status":"closed","template":"","meta":{"_seopress_robots_primary_cat":"","_seopress_titles_title":"Rechtliche Hinweise","_seopress_titles_desc":"Entdecken Sie die rechtlichen Hinweise von Camping Pasteur in Ar\u00e8s, Zentrum in \u00dcbereinstimmung mit der DSGVO f\u00fcr einen unbeschwerten Aufenthalt am Bassin d'Arcachon.","_seopress_robots_index":"yes","_gt_ctv_global_id":"","_gt_ctv_id_group":false,"inline_featured_image":false,"gt_fse_maillage_image":"https:\/\/www.camping-pasteur-bassin-arcachon.fr\/wp-content\/uploads\/2025\/12\/camping-convivial-sur-le-bassin-d-arcachon.webp","gt_fse_maillage_titre":"Rechtliche Hinweise","gt_fse_maillage_alt":"Automatischer Entwurf","gt_fse_maillage_resume":"","footnotes":""},"categories":[],"tags":[],"class_list":["post-1689","page","type-page","status-publish","has-post-thumbnail","hentry"],"_links":{"self":[{"href":"https:\/\/www.camping-pasteur-bassin-arcachon.fr\/de\/wp-json\/wp\/v2\/pages\/1689","targetHints":{"allow":["GET"]}}],"collection":[{"href":"https:\/\/www.camping-pasteur-bassin-arcachon.fr\/de\/wp-json\/wp\/v2\/pages"}],"about":[{"href":"https:\/\/www.camping-pasteur-bassin-arcachon.fr\/de\/wp-json\/wp\/v2\/types\/page"}],"author":[{"embeddable":true,"href":"https:\/\/www.camping-pasteur-bassin-arcachon.fr\/de\/wp-json\/wp\/v2\/users\/1"}],"replies":[{"embeddable":true,"href":"https:\/\/www.camping-pasteur-bassin-arcachon.fr\/de\/wp-json\/wp\/v2\/comments?post=1689"}],"version-history":[{"count":6,"href":"https:\/\/www.camping-pasteur-bassin-arcachon.fr\/de\/wp-json\/wp\/v2\/pages\/1689\/revisions"}],"predecessor-version":[{"id":2542,"href":"https:\/\/www.camping-pasteur-bassin-arcachon.fr\/de\/wp-json\/wp\/v2\/pages\/1689\/revisions\/2542"}],"wp:featuredmedia":[{"embeddable":true,"href":"https:\/\/www.camping-pasteur-bassin-arcachon.fr\/de\/wp-json\/wp\/v2\/media\/1690"}],"wp:attachment":[{"href":"https:\/\/www.camping-pasteur-bassin-arcachon.fr\/de\/wp-json\/wp\/v2\/media?parent=1689"}],"wp:term":[{"taxonomy":"category","embeddable":true,"href":"https:\/\/www.camping-pasteur-bassin-arcachon.fr\/de\/wp-json\/wp\/v2\/categories?post=1689"},{"taxonomy":"post_tag","embeddable":true,"href":"https:\/\/www.camping-pasteur-bassin-arcachon.fr\/de\/wp-json\/wp\/v2\/tags?post=1689"}],"curies":[{"name":"wp","href":"https:\/\/api.w.org\/{rel}","templated":true}]}}